{"id":320,"date":"2006-10-14T13:14:44","date_gmt":"2006-10-14T12:14:44","guid":{"rendered":"http:\/\/www.swisscum.ch\/?page_id=320"},"modified":"2020-12-18T00:29:59","modified_gmt":"2020-12-17T23:29:59","slug":"swisscum","status":"publish","type":"page","link":"https:\/\/www.swisscum.ch\/","title":{"rendered":"Swisscum"},"content":{"rendered":"\n<div class=\"wp-block-columns is-layout-flex wp-container-core-columns-is-layout-9d6595d7 wp-block-columns-is-layout-flex\">\n<div class=\"wp-block-column is-layout-flow wp-block-column-is-layout-flow\" style=\"flex-basis:100%\">\n<table class=\"mainpagetable\">\n<tbody>\n<tr>\n<td align=\"center\"><strong><img loading=\"lazy\" decoding=\"async\" src=\"http:\/\/www.swisscum.ch\/wp-content\/uploads\/2007\/11\/flagge_schweiz.jpg\" alt=\"Flagge Schweiz\" width=\"79\" height=\"50\" border=\"0\" \/> <img loading=\"lazy\" decoding=\"async\" src=\"http:\/\/www.swisscum.ch\/wp-content\/uploads\/2007\/11\/flagge_oesterreich.jpg\" alt=\"Flagge \u00d6sterreich\" width=\"79\" height=\"50\" border=\"0\" \/> <img loading=\"lazy\" decoding=\"async\" src=\"http:\/\/www.swisscum.ch\/wp-content\/uploads\/2007\/11\/flagge_deutschland.jpg\" alt=\"Flagge Deutschland\" width=\"79\" height=\"50\" border=\"0\" \/><\/strong>\n<p><strong><a href=\"http:\/\/www.swisscum.ch\/?cat=5\">Ich bin mindestens 18 Jahre alt und m\u00f6chte erotische Inhalte sehen<\/a><\/strong><\/p>\n<p><a href=\"http:\/\/www.hotarcs.net\/\">Ich bin j\u00fcnger als 18 oder m\u00f6chte keine erotischen Inhalte sehen<\/a><\/p>\n<p><img decoding=\"async\" src=\"http:\/\/www.swisscum.ch\/wp-content\/uploads\/2007\/11\/weltkarte.gif\" alt=\"Weltkarte\" \/><\/p>\n<p><strong><a href=\"http:\/\/www.swisscum.ch\/?cat=6\">I&#8217;m at least 18 years old and want to see erotic content<\/a><\/strong><\/p>\n<p><a href=\"http:\/\/www.hotarcs.net\/\">I&#8217;m younger than 18 years or don&#8217;t want to see erotic content<\/a><\/p>\n<\/td>\n<td width=\"200\">\u00a0<\/td>\n<\/tr>\n<\/tbody>\n<\/table>\n<p>Es freut uns nat\u00fcrlich immer, wenn wir lobendes Feedback von unseren Lesern erhalten. Wenn Sie Ihre Gedanken ebenfalls mit uns teilen m\u00f6chten, dann z\u00f6gern Sie bitte nicht, uns Ihre Nachricht per Email zukommen zu lassen. So schreiben uns:<\/p>\n<p>\u00a0<\/p>\n<p>Stefan B. aus Z.<br \/>Durch meine anspruchsvolle Arbeit in Social Media f\u00fchle ich mich oft einsam und ausgelaugt, vorallem bei einem Tag wo viele Coronaleugner meine Beitr\u00e4ge kommentieren. Nun bin ich aber sehr dankbar, dass ich Swisscum f\u00fcr mich entdecken durfte und beim streicheln meines Penis auf sch\u00f6ne Gedanken kommen kann, w\u00e4hrend ich mir die h\u00fcllenlosen K\u00f6rper auf Swisscum betrachte.<\/p>\n<p>\u00a0<\/p>\n<p>Oli R. aus B.<br \/>Lange Zeit dachte ich, im Internet gibts im Erotikbereich nichts mehr Neues. Dann bin ich durch einen Kollegen auf Swisscum aufmerksam gemacht worden und kann mich nun regelm\u00e4ssig vor dem PC erregen und so richtig austoben.<\/p>\n<p>\u00a0<\/p>\n<p>Nina H. aus Z.<br \/>Wenn ich meine Tage hatte, musste ich bisher immer meinen Freund zur\u00fcckweisen, wenn er mit mir schlafen wollte. Per Zufall fand ich Swisscum und zeigte es meinem Freund. Er kann sich nun beim Betrachten selber befriedigen und so kommt er zu seinem Spass und ich muss kein schlechtes Gewissen mehr haben, wenn ich w\u00e4hrend meiner Periode nicht mit ihm Sex haben kann.<\/p>\n<p>\u00a0<\/p>\n<p>Ren\u00e9 S. aus G.<br \/>Im Ausgang war ich bisher immer spitz wie ein Teenager und bekam schnell einen Steifen. Die M\u00e4dchen merkten dies wohl und waren sehr zur\u00fcckweisend. Seit ich nun vor dem Ausgang die heissen Beitr\u00e4ge von Swisscum konsumiere und mir einen runterhole, bin ich viel entspannter. Ich habe sogar seit einigen Tagen eine Freundin.<\/p>\n<\/div>\n<\/div>\n","protected":false},"excerpt":{"rendered":"<p>Ich bin mindestens 18 Jahre alt und m\u00f6chte erotische Inhalte sehen Ich bin j\u00fcnger als 18 oder m\u00f6chte keine erotischen Inhalte sehen I&#8217;m at least 18 years old and want to see erotic content I&#8217;m younger than 18 years or don&#8217;t want to see erotic content \u00a0 Es freut uns nat\u00fcrlich immer, wenn wir lobendes [&hellip;]<\/p>\n","protected":false},"author":1,"featured_media":0,"parent":0,"menu_order":0,"comment_status":"closed","ping_status":"closed","template":"","meta":{"footnotes":""},"class_list":["post-320","page","type-page","status-publish","hentry"],"_links":{"self":[{"href":"https:\/\/www.swisscum.ch\/index.php?rest_route=\/wp\/v2\/pages\/320","targetHints":{"allow":["GET"]}}],"collection":[{"href":"https:\/\/www.swisscum.ch\/index.php?rest_route=\/wp\/v2\/pages"}],"about":[{"href":"https:\/\/www.swisscum.ch\/index.php?rest_route=\/wp\/v2\/types\/page"}],"author":[{"embeddable":true,"href":"https:\/\/www.swisscum.ch\/index.php?rest_route=\/wp\/v2\/users\/1"}],"replies":[{"embeddable":true,"href":"https:\/\/www.swisscum.ch\/index.php?rest_route=%2Fwp%2Fv2%2Fcomments&post=320"}],"version-history":[{"count":32,"href":"https:\/\/www.swisscum.ch\/index.php?rest_route=\/wp\/v2\/pages\/320\/revisions"}],"predecessor-version":[{"id":3135,"href":"https:\/\/www.swisscum.ch\/index.php?rest_route=\/wp\/v2\/pages\/320\/revisions\/3135"}],"wp:attachment":[{"href":"https:\/\/www.swisscum.ch\/index.php?rest_route=%2Fwp%2Fv2%2Fmedia&parent=320"}],"curies":[{"name":"wp","href":"https:\/\/api.w.org\/{rel}","templated":true}]}}