{"id":116,"date":"2007-05-19T12:56:06","date_gmt":"2007-05-19T10:56:06","guid":{"rendered":"http:\/\/www.swisscum.ch\/?page_id=116"},"modified":"2009-05-22T18:50:16","modified_gmt":"2009-05-22T17:50:16","slug":"jobs-and-careers","status":"publish","type":"page","link":"https:\/\/www.swisscum.ch\/?page_id=116","title":{"rendered":"Jobs and Careers"},"content":{"rendered":"<p><strong>English<\/strong><\/p>\n<p>Sorry, our staff is complete at the moment. Thanks for your interest in Swisscum.<\/p>\n<p><\/p>\n<p><strong>Deutsch<\/strong><\/p>\n<p>Im Moment haben wir keine Vakanzen. Wir danken f\u00fcr Ihr Interesse an Swisscum.<\/p>\n<p><\/p>\n<p><strong>Schwizerd\u00fctsch<\/strong><\/p>\n<p>Momentan h\u00e4mmer kei Vakanz\u00e4. Dank\u00e4 f\u00fcr Ihres Intr\u00e4ss\u00e4 a Swisscum.<\/p>\n","protected":false},"excerpt":{"rendered":"<p>English Sorry, our staff is complete at the moment. Thanks for your interest in Swisscum. Deutsch Im Moment haben wir keine Vakanzen. Wir danken f\u00fcr Ihr Interesse an Swisscum. Schwizerd\u00fctsch Momentan h\u00e4mmer kei Vakanz\u00e4. Dank\u00e4 f\u00fcr Ihres Intr\u00e4ss\u00e4 a Swisscum.<\/p>\n","protected":false},"author":1,"featured_media":0,"parent":0,"menu_order":4,"comment_status":"closed","ping_status":"closed","template":"","meta":{"footnotes":""},"class_list":["post-116","page","type-page","status-publish","hentry"],"_links":{"self":[{"href":"https:\/\/www.swisscum.ch\/index.php?rest_route=\/wp\/v2\/pages\/116","targetHints":{"allow":["GET"]}}],"collection":[{"href":"https:\/\/www.swisscum.ch\/index.php?rest_route=\/wp\/v2\/pages"}],"about":[{"href":"https:\/\/www.swisscum.ch\/index.php?rest_route=\/wp\/v2\/types\/page"}],"author":[{"embeddable":true,"href":"https:\/\/www.swisscum.ch\/index.php?rest_route=\/wp\/v2\/users\/1"}],"replies":[{"embeddable":true,"href":"https:\/\/www.swisscum.ch\/index.php?rest_route=%2Fwp%2Fv2%2Fcomments&post=116"}],"version-history":[{"count":1,"href":"https:\/\/www.swisscum.ch\/index.php?rest_route=\/wp\/v2\/pages\/116\/revisions"}],"predecessor-version":[{"id":816,"href":"https:\/\/www.swisscum.ch\/index.php?rest_route=\/wp\/v2\/pages\/116\/revisions\/816"}],"wp:attachment":[{"href":"https:\/\/www.swisscum.ch\/index.php?rest_route=%2Fwp%2Fv2%2Fmedia&parent=116"}],"curies":[{"name":"wp","href":"https:\/\/api.w.org\/{rel}","templated":true}]}}