{"id":110,"date":"2007-05-06T23:44:12","date_gmt":"2007-05-06T21:44:12","guid":{"rendered":"http:\/\/www.swisscum.ch\/?page_id=110"},"modified":"2009-05-22T18:53:20","modified_gmt":"2009-05-22T17:53:20","slug":"webmasters","status":"publish","type":"page","link":"https:\/\/www.swisscum.ch\/?page_id=110","title":{"rendered":"Webmasters"},"content":{"rendered":"<p><strong>English<\/strong><\/p>\n<table>\n<tr>\n<td width=\"15\"><\/td>\n<td>\nWebmasters can earn money by joining\u00a0our affiliate program!<br \/>\nThis website is part of the\u00a0<a title=\"NEILA Cash - Affiliate Program\" href=\"http:\/\/www.neilacash.com\/\" target=\"_blank\">NEILA Cash\u00a0&#8211; Affiliate Program<\/a>.<\/p>\n<\/td>\n<\/tr>\n<\/table>\n<p><strong>Deutsch<\/strong><\/p>\n<table>\n<tr>\n<td width=\"15\"><\/td>\n<td>\nWebmaster k\u00f6nnen mit unserem Partner Programm Geld mitverdienen!<br \/>\nDiese Website ist Teil des <a title=\"NEILA Cash - Affiliate Program\" href=\"http:\/\/www.neilacash.com\/\" target=\"_blank\">NEILA Cash\u00a0&#8211; Affiliate Program<\/a>.<\/p>\n<\/td>\n<\/tr>\n<\/table>\n<p><strong>Schwizerd\u00fctsch<\/strong><\/p>\n<table>\n<tr>\n<td width=\"15\"><\/td>\n<td>\nWebmaster ch\u00f6nd mit eus\u00e4m Partner Programm saftig mitverdiene!<br \/>\nDi\u00e4 Website isch Teil vom\u00a0<a title=\"NEILA Cash - Affiliate Program\" href=\"http:\/\/www.neilacash.com\/\" target=\"_blank\">NEILA Cash\u00a0&#8211; Affiliate Program<\/a>.<\/p>\n<\/td>\n<\/tr>\n<\/table>\n","protected":false},"excerpt":{"rendered":"<p>English Webmasters can earn money by joining\u00a0our affiliate program! This website is part of the\u00a0NEILA Cash\u00a0&#8211; Affiliate Program. Deutsch Webmaster k\u00f6nnen mit unserem Partner Programm Geld mitverdienen! Diese Website ist Teil des NEILA Cash\u00a0&#8211; Affiliate Program. Schwizerd\u00fctsch Webmaster ch\u00f6nd mit eus\u00e4m Partner Programm saftig mitverdiene! Di\u00e4 Website isch Teil vom\u00a0NEILA Cash\u00a0&#8211; Affiliate Program.<\/p>\n","protected":false},"author":1,"featured_media":0,"parent":0,"menu_order":5,"comment_status":"closed","ping_status":"closed","template":"","meta":{"footnotes":""},"class_list":["post-110","page","type-page","status-publish","hentry"],"_links":{"self":[{"href":"https:\/\/www.swisscum.ch\/index.php?rest_route=\/wp\/v2\/pages\/110","targetHints":{"allow":["GET"]}}],"collection":[{"href":"https:\/\/www.swisscum.ch\/index.php?rest_route=\/wp\/v2\/pages"}],"about":[{"href":"https:\/\/www.swisscum.ch\/index.php?rest_route=\/wp\/v2\/types\/page"}],"author":[{"embeddable":true,"href":"https:\/\/www.swisscum.ch\/index.php?rest_route=\/wp\/v2\/users\/1"}],"replies":[{"embeddable":true,"href":"https:\/\/www.swisscum.ch\/index.php?rest_route=%2Fwp%2Fv2%2Fcomments&post=110"}],"version-history":[{"count":8,"href":"https:\/\/www.swisscum.ch\/index.php?rest_route=\/wp\/v2\/pages\/110\/revisions"}],"predecessor-version":[{"id":819,"href":"https:\/\/www.swisscum.ch\/index.php?rest_route=\/wp\/v2\/pages\/110\/revisions\/819"}],"wp:attachment":[{"href":"https:\/\/www.swisscum.ch\/index.php?rest_route=%2Fwp%2Fv2%2Fmedia&parent=110"}],"curies":[{"name":"wp","href":"https:\/\/api.w.org\/{rel}","templated":true}]}}